{"id":75030,"date":"2018-12-27T14:22:12","date_gmt":"2018-12-27T14:22:12","guid":{"rendered":"https:\/\/undsgn.com\/uncode\/?page_id=75030"},"modified":"2022-02-23T11:52:18","modified_gmt":"2022-02-23T11:52:18","slug":"inici","status":"publish","type":"page","link":"https:\/\/www.miguelcarpintero.com\/","title":{"rendered":"INICI"},"content":{"rendered":"<p>[vc_row unlock_row_content=\u00bbyes\u00bb row_height_percent=\u00bb0&#8243; override_padding=\u00bbyes\u00bb h_padding=\u00bb0&#8243; top_padding=\u00bb0&#8243; bottom_padding=\u00bb0&#8243; overlay_alpha=\u00bb50&#8243; gutter_size=\u00bb3&#8243; column_width_percent=\u00bb100&#8243; shift_y=\u00bb0&#8243; z_index=\u00bb0&#8243; uncode_shortcode_id=\u00bb161851&#8243; css=\u00bb.vc_custom_1642967028391{margin-bottom: 0px !important;padding-bottom: 0px !important;}\u00bb][vc_column column_width_percent=\u00bb100&#8243; position_vertical=\u00bbmiddle\u00bb align_horizontal=\u00bbalign_center\u00bb gutter_size=\u00bb3&#8243; override_padding=\u00bbyes\u00bb column_padding=\u00bb2&#8243; overlay_alpha=\u00bb50&#8243; shift_x=\u00bb0&#8243; shift_y=\u00bb0&#8243; shift_y_down=\u00bb0&#8243; z_index=\u00bb0&#8243; medium_width=\u00bb0&#8243; mobile_width=\u00bb0&#8243; width=\u00bb1\/1&#8243; uncode_shortcode_id=\u00bb141420&#8243;][vc_custom_heading heading_semantic=\u00bbh1&#8243; text_size=\u00bbh1&#8243; uncode_shortcode_id=\u00bb126572&#8243;]<\/p>\n<h3 style=\"text-align: center;\">Miguel Carpintero \u00e9s una empresa constructora que realitza i executa projectes d\u2019obra nova i de reformes integrals.<\/h3>\n<p>[\/vc_custom_heading][vc_column_text uncode_shortcode_id=\u00bb186354&#8243;]<\/p>\n<p style=\"text-align: center;\">Constru\u00efm de manera eficient, sostenible i ecol\u00f2gica, treballant sempre amb els est\u00e0ndards m\u00e9s alts d\u2019execuci\u00f3 i qualitat per tal<br \/>\nd\u2019obtenir l\u2019excel\u00b7l\u00e8ncia en el treball. Tot, claus en m\u00e0.<br \/>\nSom experts en manteniment d\u2019edificacions urbanes i industrials. Integrem tots el serveis necessaris per gestionar el manteniment<br \/>\nintegral dels edificis.<\/p>\n<p>[\/vc_column_text][\/vc_column][\/vc_row][vc_row][vc_column width=\u00bb1\/1&#8243;][vc_separator sep_color=\u00bb\u00bb uncode_shortcode_id=\u00bb192839&#8243;][\/vc_column][\/vc_row][vc_row row_height_percent=\u00bb0&#8243; overlay_alpha=\u00bb50&#8243; gutter_size=\u00bb3&#8243; column_width_percent=\u00bb100&#8243; shift_y=\u00bb0&#8243; z_index=\u00bb0&#8243; uncode_shortcode_id=\u00bb177166&#8243;][vc_column width=\u00bb1\/1&#8243;][vc_custom_heading text_color=\u00bbcolor-jevc\u00bb heading_semantic=\u00bbh1&#8243; text_size=\u00bbbigtext\u00bb uncode_shortcode_id=\u00bb385329&#8243; text_color_type=\u00bbuncode-palette\u00bb el_class=\u00bbtext200&#8243;]<\/p>\n<h1 style=\"text-align: center;\">\u00c0rees de negoci<\/h1>\n<p>[\/vc_custom_heading][\/vc_column][\/vc_row][vc_row unlock_row_content=\u00bbyes\u00bb row_height_percent=\u00bb0&#8243; override_padding=\u00bbyes\u00bb h_padding=\u00bb0&#8243; top_padding=\u00bb0&#8243; bottom_padding=\u00bb0&#8243; overlay_alpha=\u00bb50&#8243; equal_height=\u00bbyes\u00bb gutter_size=\u00bb0&#8243; column_width_percent=\u00bb100&#8243; shift_y=\u00bb0&#8243; z_index=\u00bb0&#8243; uncode_shortcode_id=\u00bb165704&#8243; back_color_type=\u00bbuncode-solid\u00bb back_color_solid=\u00bb#0085c7&#8243; row_height_pixel=\u00bb400&#8243; css=\u00bb.vc_custom_1643103028427{margin-bottom: 0px !important;border-top-width: 0px !important;border-bottom-width: 0px !important;padding-bottom: 0px !important;}\u00bb][vc_column column_width_percent=\u00bb100&#8243; gutter_size=\u00bb3&#8243; overlay_alpha=\u00bb50&#8243; shift_x=\u00bb0&#8243; shift_y=\u00bb0&#8243; shift_y_down=\u00bb0&#8243; z_index=\u00bb0&#8243; medium_width=\u00bb0&#8243; mobile_width=\u00bb0&#8243; width=\u00bb1\/3&#8243; uncode_shortcode_id=\u00bb191062&#8243; css=\u00bb.vc_custom_1643103087926{border-top-width: 0px !important;border-right-width: 0px !important;border-bottom-width: 0px !important;border-left-width: 0px !important;}\u00bb][vc_single_image media=\u00bb80745&#8243; media_width_percent=\u00bb100&#8243; uncode_shortcode_id=\u00bb114967&#8243;][\/vc_column][vc_column column_width_percent=\u00bb100&#8243; position_vertical=\u00bbmiddle\u00bb align_horizontal=\u00bbalign_center\u00bb gutter_size=\u00bb3&#8243; overlay_alpha=\u00bb50&#8243; shift_x=\u00bb0&#8243; shift_y=\u00bb0&#8243; shift_y_down=\u00bb0&#8243; z_index=\u00bb0&#8243; medium_width=\u00bb0&#8243; mobile_width=\u00bb0&#8243; width=\u00bb1\/3&#8243; uncode_shortcode_id=\u00bb134811&#8243; css=\u00bb.vc_custom_1643103127296{border-top-width: 0px !important;border-right-width: 0px !important;border-bottom-width: 0px !important;border-left-width: 0px !important;}\u00bb][vc_custom_heading heading_semantic=\u00bbh1&#8243; text_font=\u00bbfont-850707&#8243; text_size=\u00bbfontsize-155944&#8243; sub_lead=\u00bbyes\u00bb sub_reduced=\u00bbyes\u00bb uncode_shortcode_id=\u00bb210034&#8243; subheading=\u00bbQualitat i solv\u00e8ncia\u00bb text_color_type=\u00bbuncode-solid\u00bb text_color_solid=\u00bb#ffffff\u00bb el_class=\u00bbarees\u00bb]<a href=\"http:\/\/www.miguelcarpintero.com\/edificacio\/\">Edificaci\u00f3<\/a>[\/vc_custom_heading][\/vc_column][vc_column column_width_percent=\u00bb100&#8243; gutter_size=\u00bb3&#8243; overlay_alpha=\u00bb50&#8243; shift_x=\u00bb0&#8243; shift_y=\u00bb0&#8243; shift_y_down=\u00bb0&#8243; z_index=\u00bb0&#8243; medium_width=\u00bb0&#8243; mobile_width=\u00bb0&#8243; width=\u00bb1\/3&#8243; uncode_shortcode_id=\u00bb193306&#8243; css=\u00bb.vc_custom_1643103137863{border-top-width: 0px !important;border-right-width: 0px !important;border-bottom-width: 0px !important;border-left-width: 0px !important;}\u00bb][vc_single_image media=\u00bb80789&#8243; media_width_percent=\u00bb100&#8243; uncode_shortcode_id=\u00bb963361&#8243;][\/vc_column][\/vc_row][vc_row unlock_row_content=\u00bbyes\u00bb row_height_percent=\u00bb0&#8243; override_padding=\u00bbyes\u00bb h_padding=\u00bb0&#8243; top_padding=\u00bb0&#8243; bottom_padding=\u00bb0&#8243; overlay_alpha=\u00bb50&#8243; equal_height=\u00bbyes\u00bb gutter_size=\u00bb0&#8243; column_width_percent=\u00bb100&#8243; shift_y=\u00bb0&#8243; z_index=\u00bb0&#8243; uncode_shortcode_id=\u00bb830027&#8243; back_color_type=\u00bbuncode-solid\u00bb back_color_solid=\u00bb#0085c7&#8243; row_height_pixel=\u00bb400&#8243; css=\u00bb.vc_custom_1642968292085{margin-bottom: 0px !important;padding-bottom: 0px !important;}\u00bb][vc_column column_width_percent=\u00bb100&#8243; position_vertical=\u00bbmiddle\u00bb align_horizontal=\u00bbalign_center\u00bb gutter_size=\u00bb3&#8243; overlay_alpha=\u00bb50&#8243; shift_x=\u00bb0&#8243; shift_y=\u00bb0&#8243; shift_y_down=\u00bb0&#8243; z_index=\u00bb0&#8243; medium_width=\u00bb0&#8243; mobile_width=\u00bb0&#8243; width=\u00bb1\/3&#8243; uncode_shortcode_id=\u00bb109043&#8243; css=\u00bb.vc_custom_1644498492627{border-top-width: 0px !important;border-right-width: 0px !important;border-bottom-width: 0px !important;border-left-width: 0px !important;}\u00bb back_color_type=\u00bbuncode-solid\u00bb back_color_solid=\u00bb#339dd2&#8243;][vc_custom_heading heading_semantic=\u00bbh1&#8243; text_font=\u00bbfont-850707&#8243; text_size=\u00bbfontsize-155944&#8243; sub_lead=\u00bbyes\u00bb sub_reduced=\u00bbyes\u00bb uncode_shortcode_id=\u00bb207875&#8243; subheading=\u00bbRendibilitzant espais\u00bb text_color_type=\u00bbuncode-solid\u00bb text_color_solid=\u00bb#ffffff\u00bb el_class=\u00bbarees\u00bb]<a href=\"http:\/\/www.miguelcarpintero.com\/reformes\/\">Reformes<\/a>[\/vc_custom_heading][\/vc_column][vc_column column_width_percent=\u00bb100&#8243; position_vertical=\u00bbmiddle\u00bb align_horizontal=\u00bbalign_center\u00bb gutter_size=\u00bb3&#8243; overlay_alpha=\u00bb50&#8243; shift_x=\u00bb0&#8243; shift_y=\u00bb0&#8243; shift_y_down=\u00bb0&#8243; z_index=\u00bb0&#8243; medium_width=\u00bb0&#8243; mobile_width=\u00bb0&#8243; width=\u00bb1\/3&#8243; uncode_shortcode_id=\u00bb214687&#8243; css=\u00bb.vc_custom_1644498385549{border-top-width: 0px !important;border-right-width: 0px !important;border-bottom-width: 0px !important;border-left-width: 0px !important;}\u00bb][vc_single_image media=\u00bb80749&#8243; media_width_percent=\u00bb100&#8243; uncode_shortcode_id=\u00bb125995&#8243;][\/vc_column][vc_column column_width_percent=\u00bb100&#8243; position_vertical=\u00bbmiddle\u00bb align_horizontal=\u00bbalign_center\u00bb gutter_size=\u00bb3&#8243; overlay_alpha=\u00bb50&#8243; shift_x=\u00bb0&#8243; shift_y=\u00bb0&#8243; shift_y_down=\u00bb0&#8243; z_index=\u00bb0&#8243; medium_width=\u00bb0&#8243; mobile_width=\u00bb0&#8243; width=\u00bb1\/3&#8243; uncode_shortcode_id=\u00bb257846&#8243; css=\u00bb.vc_custom_1644498522033{border-top-width: 0px !important;border-right-width: 0px !important;border-bottom-width: 0px !important;border-left-width: 0px !important;}\u00bb back_color_type=\u00bbuncode-solid\u00bb back_color_solid=\u00bb#1a91cc\u00bb][vc_custom_heading heading_semantic=\u00bbh1&#8243; text_font=\u00bbfont-850707&#8243; text_size=\u00bbfontsize-155944&#8243; sub_lead=\u00bbyes\u00bb sub_reduced=\u00bbyes\u00bb uncode_shortcode_id=\u00bb200517&#8243; subheading=\u00bbFormalitat i efic\u00e0cia\u00bb text_color_type=\u00bbuncode-solid\u00bb text_color_solid=\u00bb#ffffff\u00bb el_class=\u00bbarees\u00bb]<a href=\"http:\/\/www.miguelcarpintero.com\/industrial\/\">Industrial<\/a>[\/vc_custom_heading][\/vc_column][\/vc_row][vc_row unlock_row_content=\u00bbyes\u00bb row_height_percent=\u00bb0&#8243; override_padding=\u00bbyes\u00bb h_padding=\u00bb0&#8243; top_padding=\u00bb0&#8243; bottom_padding=\u00bb0&#8243; overlay_alpha=\u00bb50&#8243; equal_height=\u00bbyes\u00bb gutter_size=\u00bb0&#8243; column_width_percent=\u00bb100&#8243; shift_y=\u00bb0&#8243; z_index=\u00bb0&#8243; uncode_shortcode_id=\u00bb830027&#8243; back_color_type=\u00bbuncode-solid\u00bb back_color_solid=\u00bb#0085c7&#8243; row_height_pixel=\u00bb400&#8243; css=\u00bb.vc_custom_1642968292085{margin-bottom: 0px !important;padding-bottom: 0px !important;}\u00bb][vc_column column_width_percent=\u00bb100&#8243; gutter_size=\u00bb3&#8243; overlay_alpha=\u00bb50&#8243; shift_x=\u00bb0&#8243; shift_y=\u00bb0&#8243; shift_y_down=\u00bb0&#8243; z_index=\u00bb0&#8243; medium_width=\u00bb0&#8243; mobile_width=\u00bb0&#8243; width=\u00bb1\/3&#8243; uncode_shortcode_id=\u00bb205631&#8243; css=\u00bb.vc_custom_1643103261815{border-top-width: 0px !important;border-right-width: 0px !important;border-bottom-width: 0px !important;border-left-width: 0px !important;}\u00bb][vc_single_image media=\u00bb80748&#8243; media_width_percent=\u00bb100&#8243; uncode_shortcode_id=\u00bb168194&#8243;][\/vc_column][vc_column column_width_percent=\u00bb100&#8243; position_vertical=\u00bbmiddle\u00bb align_horizontal=\u00bbalign_center\u00bb gutter_size=\u00bb3&#8243; overlay_alpha=\u00bb50&#8243; shift_x=\u00bb0&#8243; shift_y=\u00bb0&#8243; shift_y_down=\u00bb0&#8243; z_index=\u00bb0&#8243; medium_width=\u00bb0&#8243; mobile_width=\u00bb0&#8243; width=\u00bb1\/3&#8243; uncode_shortcode_id=\u00bb126689&#8243; css=\u00bb.vc_custom_1644498571432{border-top-width: 0px !important;border-right-width: 0px !important;border-bottom-width: 0px !important;border-left-width: 0px !important;}\u00bb back_color_type=\u00bbuncode-solid\u00bb back_color_solid=\u00bb#4da9d7&#8243;][vc_custom_heading heading_semantic=\u00bbh1&#8243; text_font=\u00bbfont-850707&#8243; text_size=\u00bbfontsize-155944&#8243; sub_lead=\u00bbyes\u00bb sub_reduced=\u00bbyes\u00bb uncode_shortcode_id=\u00bb760824&#8243; subheading=\u00bbSerietat i comprom\u00eds\u00bb text_color_type=\u00bbuncode-solid\u00bb text_color_solid=\u00bb#ffffff\u00bb el_class=\u00bbarees\u00bb]<a href=\"http:\/\/www.miguelcarpintero.com\/manteniments\/\">Manteniments<\/a>[\/vc_custom_heading][\/vc_column][vc_column column_width_percent=\u00bb100&#8243; gutter_size=\u00bb3&#8243; overlay_alpha=\u00bb50&#8243; shift_x=\u00bb0&#8243; shift_y=\u00bb0&#8243; shift_y_down=\u00bb0&#8243; z_index=\u00bb0&#8243; medium_width=\u00bb0&#8243; mobile_width=\u00bb0&#8243; width=\u00bb1\/3&#8243; uncode_shortcode_id=\u00bb119623&#8243; css=\u00bb.vc_custom_1643103245325{border-top-width: 0px !important;border-right-width: 0px !important;border-bottom-width: 0px !important;border-left-width: 0px !important;}\u00bb][vc_single_image media=\u00bb80747&#8243; media_width_percent=\u00bb100&#8243; uncode_shortcode_id=\u00bb161221&#8243;][\/vc_column][\/vc_row][vc_row unlock_row_content=\u00bbyes\u00bb row_height_percent=\u00bb0&#8243; override_padding=\u00bbyes\u00bb h_padding=\u00bb0&#8243; top_padding=\u00bb0&#8243; bottom_padding=\u00bb0&#8243; overlay_alpha=\u00bb50&#8243; equal_height=\u00bbyes\u00bb gutter_size=\u00bb0&#8243; column_width_percent=\u00bb100&#8243; shift_y=\u00bb0&#8243; z_index=\u00bb0&#8243; uncode_shortcode_id=\u00bb830027&#8243; back_color_type=\u00bbuncode-solid\u00bb back_color_solid=\u00bb#0085c7&#8243; row_height_pixel=\u00bb400&#8243; css=\u00bb.vc_custom_1642968292085{margin-bottom: 0px !important;padding-bottom: 0px !important;}\u00bb][vc_column column_width_percent=\u00bb100&#8243; position_vertical=\u00bbmiddle\u00bb align_horizontal=\u00bbalign_center\u00bb gutter_size=\u00bb3&#8243; overlay_alpha=\u00bb50&#8243; shift_x=\u00bb0&#8243; shift_y=\u00bb0&#8243; shift_y_down=\u00bb0&#8243; z_index=\u00bb0&#8243; medium_width=\u00bb0&#8243; mobile_width=\u00bb0&#8243; width=\u00bb1\/3&#8243; uncode_shortcode_id=\u00bb123714&#8243; css=\u00bb.vc_custom_1644498592227{border-top-width: 0px !important;border-right-width: 0px !important;border-bottom-width: 0px !important;border-left-width: 0px !important;}\u00bb back_color_type=\u00bbuncode-solid\u00bb back_color_solid=\u00bb#80c2e3&#8243;][vc_custom_heading heading_semantic=\u00bbh1&#8243; text_font=\u00bbfont-850707&#8243; text_size=\u00bbfontsize-155944&#8243; sub_lead=\u00bbyes\u00bb sub_reduced=\u00bbyes\u00bb uncode_shortcode_id=\u00bb181647&#8243; subheading=\u00bbConfort i estalvi<br \/>\nenerg\u00e8tic\u00bb text_color_type=\u00bbuncode-solid\u00bb text_color_solid=\u00bb#ffffff\u00bb el_class=\u00bbarees\u00bb]<a href=\"http:\/\/www.miguelcarpintero.com\/sate\/\">SATE<\/a>[\/vc_custom_heading][\/vc_column][vc_column column_width_percent=\u00bb100&#8243; position_vertical=\u00bbmiddle\u00bb align_horizontal=\u00bbalign_center\u00bb gutter_size=\u00bb3&#8243; overlay_alpha=\u00bb50&#8243; shift_x=\u00bb0&#8243; shift_y=\u00bb0&#8243; shift_y_down=\u00bb0&#8243; z_index=\u00bb0&#8243; medium_width=\u00bb0&#8243; mobile_width=\u00bb0&#8243; width=\u00bb1\/3&#8243; uncode_shortcode_id=\u00bb813619&#8243; css=\u00bb.vc_custom_1643103282388{border-top-width: 0px !important;border-right-width: 0px !important;border-bottom-width: 0px !important;border-left-width: 0px !important;}\u00bb][vc_single_image media=\u00bb80750&#8243; media_width_percent=\u00bb100&#8243; uncode_shortcode_id=\u00bb841336&#8243;][\/vc_column][vc_column column_width_percent=\u00bb100&#8243; position_vertical=\u00bbmiddle\u00bb align_horizontal=\u00bbalign_center\u00bb gutter_size=\u00bb3&#8243; overlay_alpha=\u00bb50&#8243; shift_x=\u00bb0&#8243; shift_y=\u00bb0&#8243; shift_y_down=\u00bb0&#8243; z_index=\u00bb0&#8243; medium_width=\u00bb0&#8243; mobile_width=\u00bb0&#8243; width=\u00bb1\/3&#8243; uncode_shortcode_id=\u00bb468474&#8243; css=\u00bb.vc_custom_1644498614380{border-top-width: 0px !important;border-right-width: 0px !important;border-bottom-width: 0px !important;border-left-width: 0px !important;}\u00bb back_color_type=\u00bbuncode-solid\u00bb back_color_solid=\u00bb#66b5dd\u00bb][vc_custom_heading heading_semantic=\u00bbh1&#8243; text_font=\u00bbfont-850707&#8243; text_size=\u00bbfontsize-155944&#8243; sub_lead=\u00bbyes\u00bb sub_reduced=\u00bbyes\u00bb uncode_shortcode_id=\u00bb204907&#8243; subheading=\u00bbDisseny i color\u00bb text_color_type=\u00bbuncode-solid\u00bb text_color_solid=\u00bb#ffffff\u00bb el_class=\u00bbarees\u00bb]<a href=\"https:\/\/www.miguelcarpintero.com\/arees-de-negoci\/lacats\/\">Lacats<\/a>[\/vc_custom_heading][\/vc_column][\/vc_row][vc_row unlock_row_content=\u00bbyes\u00bb row_height_percent=\u00bb0&#8243; override_padding=\u00bbyes\u00bb h_padding=\u00bb0&#8243; top_padding=\u00bb0&#8243; bottom_padding=\u00bb0&#8243; overlay_alpha=\u00bb50&#8243; equal_height=\u00bbyes\u00bb gutter_size=\u00bb0&#8243; column_width_percent=\u00bb100&#8243; shift_y=\u00bb0&#8243; z_index=\u00bb0&#8243; uncode_shortcode_id=\u00bb830027&#8243; back_color_type=\u00bbuncode-solid\u00bb back_color_solid=\u00bb#0085c7&#8243; row_height_pixel=\u00bb400&#8243; css=\u00bb.vc_custom_1642968292085{margin-bottom: 0px !important;padding-bottom: 0px !important;}\u00bb][vc_column column_width_percent=\u00bb100&#8243; gutter_size=\u00bb3&#8243; override_padding=\u00bbyes\u00bb column_padding=\u00bb0&#8243; overlay_alpha=\u00bb50&#8243; shift_x=\u00bb0&#8243; shift_y=\u00bb0&#8243; shift_y_down=\u00bb0&#8243; z_index=\u00bb0&#8243; medium_width=\u00bb0&#8243; mobile_width=\u00bb0&#8243; width=\u00bb1\/3&#8243; uncode_shortcode_id=\u00bb944063&#8243; css=\u00bb.vc_custom_1643103401366{border-top-width: 0px !important;border-right-width: 0px !important;border-bottom-width: 0px !important;border-left-width: 0px !important;}\u00bb][vc_single_image media=\u00bb80757&#8243; media_width_percent=\u00bb100&#8243; uncode_shortcode_id=\u00bb216007&#8243;][\/vc_column][vc_column column_width_percent=\u00bb100&#8243; position_vertical=\u00bbmiddle\u00bb align_horizontal=\u00bbalign_center\u00bb gutter_size=\u00bb3&#8243; override_padding=\u00bbyes\u00bb column_padding=\u00bb0&#8243; overlay_alpha=\u00bb50&#8243; shift_x=\u00bb0&#8243; shift_y=\u00bb0&#8243; shift_y_down=\u00bb0&#8243; z_index=\u00bb0&#8243; medium_width=\u00bb0&#8243; mobile_width=\u00bb0&#8243; width=\u00bb1\/3&#8243; uncode_shortcode_id=\u00bb147970&#8243; css=\u00bb.vc_custom_1644498657532{border-top-width: 0px !important;border-right-width: 0px !important;border-bottom-width: 0px !important;border-left-width: 0px !important;}\u00bb back_color_type=\u00bbuncode-solid\u00bb back_color_solid=\u00bb#9acee8&#8243;][vc_custom_heading heading_semantic=\u00bbh1&#8243; text_font=\u00bbfont-850707&#8243; text_size=\u00bbfontsize-155944&#8243; sub_lead=\u00bbyes\u00bb sub_reduced=\u00bbyes\u00bb uncode_shortcode_id=\u00bb203951&#8243; subheading=\u00bbConstrucci\u00f3<br \/>\nindustrialitzada\u00bb text_color_type=\u00bbuncode-solid\u00bb text_color_solid=\u00bb#ffffff\u00bb el_class=\u00bbarees\u00bb]<a href=\"http:\/\/www.miguelcarpintero.com\/steel-framing\/\">Steel Framing<\/a>[\/vc_custom_heading][\/vc_column][vc_column column_width_percent=\u00bb100&#8243; gutter_size=\u00bb3&#8243; override_padding=\u00bbyes\u00bb column_padding=\u00bb0&#8243; overlay_alpha=\u00bb50&#8243; shift_x=\u00bb0&#8243; shift_y=\u00bb0&#8243; shift_y_down=\u00bb0&#8243; z_index=\u00bb0&#8243; medium_width=\u00bb0&#8243; mobile_width=\u00bb0&#8243; width=\u00bb1\/3&#8243; uncode_shortcode_id=\u00bb175004&#8243; css=\u00bb.vc_custom_1643103412659{border-top-width: 0px !important;border-right-width: 0px !important;border-bottom-width: 0px !important;border-left-width: 0px !important;}\u00bb][vc_single_image media=\u00bb80754&#8243; media_width_percent=\u00bb100&#8243; uncode_shortcode_id=\u00bb446415&#8243;][\/vc_column][\/vc_row][vc_row row_height_percent=\u00bb0&#8243; override_padding=\u00bbyes\u00bb h_padding=\u00bb2&#8243; top_padding=\u00bb2&#8243; bottom_padding=\u00bb3&#8243; overlay_alpha=\u00bb50&#8243; gutter_size=\u00bb3&#8243; column_width_percent=\u00bb100&#8243; shift_y=\u00bb0&#8243; z_index=\u00bb0&#8243; uncode_shortcode_id=\u00bb606529&#8243;][vc_column column_width_percent=\u00bb100&#8243; align_horizontal=\u00bbalign_center\u00bb gutter_size=\u00bb3&#8243; overlay_alpha=\u00bb50&#8243; shift_x=\u00bb0&#8243; shift_y=\u00bb0&#8243; shift_y_down=\u00bb0&#8243; z_index=\u00bb0&#8243; medium_width=\u00bb0&#8243; mobile_width=\u00bb0&#8243; width=\u00bb1\/4&#8243; uncode_shortcode_id=\u00bb199496&#8243; css=\u00bb.vc_custom_1641121895369{padding-top: 0px !important;}\u00bb][uncode_counter value=\u00bb+45&#8243; counter_color=\u00bbaccent\u00bb size=\u00bbfontsize-445851&#8243; weight=\u00bb900&#8243; text=\u00bbAnys d\u2019experi\u00e8ncia\u00bb css_animation=\u00bbzoom-in\u00bb uncode_shortcode_id=\u00bb664721&#8243; counter_color_type=\u00bbuncode-palette\u00bb el_id=\u00bbcount\u00bb][\/vc_column][vc_column width=\u00bb1\/4&#8243;][uncode_counter value=\u00bb+52&#8243; counter_color=\u00bbaccent\u00bb size=\u00bbfontsize-445851&#8243; weight=\u00bb900&#8243; text=\u00bbConstruccions realitzades\u00bb css_animation=\u00bbzoom-in\u00bb uncode_shortcode_id=\u00bb191962&#8243; counter_color_type=\u00bbuncode-palette\u00bb el_id=\u00bbcount\u00bb][\/vc_column][vc_column width=\u00bb1\/4&#8243;][uncode_counter value=\u00bb+398&#8243; counter_color=\u00bbaccent\u00bb size=\u00bbfontsize-445851&#8243; weight=\u00bb900&#8243; text=\u00bbReformes realitzades\u00bb css_animation=\u00bbzoom-in\u00bb uncode_shortcode_id=\u00bb198725&#8243; counter_color_type=\u00bbuncode-palette\u00bb el_id=\u00bbcount\u00bb][\/vc_column][vc_column width=\u00bb1\/4&#8243;][uncode_counter value=\u00bb+450&#8243; counter_color=\u00bbaccent\u00bb size=\u00bbfontsize-445851&#8243; weight=\u00bb900&#8243; text=\u00bbProjectes\u00bb css_animation=\u00bbzoom-in\u00bb uncode_shortcode_id=\u00bb136376&#8243; counter_color_type=\u00bbuncode-palette\u00bb el_id=\u00bbcount\u00bb][\/vc_column][\/vc_row][vc_row unlock_row_content=\u00bbyes\u00bb row_height_percent=\u00bb0&#8243; override_padding=\u00bbyes\u00bb h_padding=\u00bb0&#8243; top_padding=\u00bb0&#8243; bottom_padding=\u00bb0&#8243; overlay_alpha=\u00bb50&#8243; gutter_size=\u00bb3&#8243; column_width_percent=\u00bb100&#8243; shift_y=\u00bb0&#8243; z_index=\u00bb0&#8243; uncode_shortcode_id=\u00bb143243&#8243;][vc_column column_width_percent=\u00bb100&#8243; align_horizontal=\u00bbalign_center\u00bb gutter_size=\u00bb3&#8243; overlay_alpha=\u00bb50&#8243; shift_x=\u00bb0&#8243; shift_y=\u00bb0&#8243; shift_y_down=\u00bb0&#8243; z_index=\u00bb0&#8243; medium_width=\u00bb0&#8243; mobile_width=\u00bb0&#8243; width=\u00bb1\/1&#8243; uncode_shortcode_id=\u00bb108129&#8243; css=\u00bb.vc_custom_1643104289891{border-bottom-width: 0px !important;padding-top: 0px !important;}\u00bb][vc_single_image media=\u00bb79716&#8243; media_width_percent=\u00bb100&#8243; alignment=\u00bbcenter\u00bb uncode_shortcode_id=\u00bb199648&#8243;][\/vc_column][\/vc_row]<\/p>\n","protected":false},"excerpt":{"rendered":"<p>[vc_row unlock_row_content=\u00bbyes\u00bb row_height_percent=\u00bb0&#8243; override_padding=\u00bbyes\u00bb h_padding=\u00bb0&#8243; top_padding=\u00bb0&#8243; bottom_padding=\u00bb0&#8243; overlay_alpha=\u00bb50&#8243; gutter_size=\u00bb3&#8243; column_width_percent=\u00bb100&#8243; shift_y=\u00bb0&#8243; z_index=\u00bb0&#8243; uncode_shortcode_id=\u00bb161851&#8243; css=\u00bb.vc_custom_1642967028391{margin-bottom: 0px !important;padding-bottom: 0px !important;}\u00bb][vc_column column_width_percent=\u00bb100&#8243; position_vertical=\u00bbmiddle\u00bb [&hellip;]<\/p>\n","protected":false},"author":1,"featured_media":0,"parent":0,"menu_order":1,"comment_status":"closed","ping_status":"closed","template":"","meta":[],"_links":{"self":[{"href":"https:\/\/www.miguelcarpintero.com\/wp-json\/wp\/v2\/pages\/75030"}],"collection":[{"href":"https:\/\/www.miguelcarpintero.com\/wp-json\/wp\/v2\/pages"}],"about":[{"href":"https:\/\/www.miguelcarpintero.com\/wp-json\/wp\/v2\/types\/page"}],"author":[{"embeddable":true,"href":"https:\/\/www.miguelcarpintero.com\/wp-json\/wp\/v2\/users\/1"}],"replies":[{"embeddable":true,"href":"https:\/\/www.miguelcarpintero.com\/wp-json\/wp\/v2\/comments?post=75030"}],"version-history":[{"count":156,"href":"https:\/\/www.miguelcarpintero.com\/wp-json\/wp\/v2\/pages\/75030\/revisions"}],"predecessor-version":[{"id":80790,"href":"https:\/\/www.miguelcarpintero.com\/wp-json\/wp\/v2\/pages\/75030\/revisions\/80790"}],"wp:attachment":[{"href":"https:\/\/www.miguelcarpintero.com\/wp-json\/wp\/v2\/media?parent=75030"}],"curies":[{"name":"wp","href":"https:\/\/api.w.org\/{rel}","templated":true}]}}